{"id":274,"date":"2022-07-14T13:34:47","date_gmt":"2022-07-14T13:34:47","guid":{"rendered":"http:\/\/naskapi.n7.myws.ca\/nation\/land\/"},"modified":"2022-08-01T06:09:38","modified_gmt":"2022-08-01T06:09:38","slug":"land","status":"publish","type":"page","link":"http:\/\/naskapi.ca\/nsk\/nation\/land\/","title":{"rendered":"Land NSP"},"content":{"rendered":"\n<p>In the past, the Naskapis were nomadic and followed caribou herds over Nuchimiyuschiiy, from Hudson Bay in the west to the Labrador Coast in the east, and from the southern coast of Ungava Bay in the north to the vicinity of Labrador City in the south. NSP First linked to Fort Chimo, near present-day Kuujjuaq, in the 1830s, the Naskapis relocated several times between Fort Chimo, Fort Nascopie, Fort McKenzie and the Schefferville area, settling to varying extents depending on the location and period. NSP They eventually moved permanently to their newly built community of Kawawachikamach, 12 km northeast of Schefferville, in the early 1980s. NSP <\/p>\n\n<p>Despite their sedentation, the Naskapis still pursue their traditional way of life and continue to travel over Nuchimiyuschiiy to hunting, fishing, trapping and harvesting sites, culturally relevant places and other locations. NSP<\/p>\n\n<p>In 1978, the Naskapi Nation of Kawawachikamach entered into the Northeastern Qu\u00e9bec Agreement (NEQA) with the Governments of Qu\u00e9bec and Canada. NSP A modern treaty within the meaning of s. NSP 35 of the Constitution Act, 1982, the Northeastern Qu\u00e9bec Agreement was entered into in the same historical and political context as the James Bay and Northern Qu\u00e9bec Agreement (JBNQA), and effectively puts the Naskapis on the same footing as Qu\u00e9bec\u2019s treaty partners, as the Crees and the Inuit under the James Bay and Northern Qu\u00e9bec Agreement. NSP <\/p>\n\n<p>Both the Northeastern Qu\u00e9bec Agreement and James Bay and Northern Qu\u00e9bec Agreement establish the land regime for the Territory formerly known as Rupert\u2019s Land. NSP They also establish \u201careas of interest\u201d and Caribou Zones with respect to the regime governing hunting, fishing and trapping activities. NSP Namely, the Northeastern Qu\u00e9bec Agreement establishes the Naskapi Area of Primary Interest and the Area of Common Interest for the Inuit and Naskapis, which together form the Naskapi Sector, as well as the Inuit-Naskapi Caribou-Zone and the Cree-Naskapi Caribou-Zone, all of which cover most of the northeastern portion of the province of Qu\u00e9bec. NSP These areas include a significant part of the mineral-rich area known as the Labrador Trough, where mining development has taken place since the 1950s. NSP<\/p>\n\n<p>The Nation has also an unsettled land claim in Labrador. NSP<\/p>\n","protected":false},"excerpt":{"rendered":"<p>In the past, the Naskapis were nomadic and followed caribou herds over Nuchimiyuschiiy, from Hudson Bay in the west to the Labrador Coast in the east, and from the southern&#8230; &nbsp; <a class=\"read-more\" href=\"http:\/\/naskapi.ca\/nsk\/nation\/land\/\">Read More<\/a><\/p>\n","protected":false},"author":1,"featured_media":0,"parent":266,"menu_order":0,"comment_status":"closed","ping_status":"closed","template":"","meta":{"_acf_changed":false,"jetpack_post_was_ever_published":false,"footnotes":""},"class_list":["post-274","page","type-page","status-publish","hentry"],"acf":[],"jetpack-related-posts":[{"id":34,"url":"http:\/\/naskapi.ca\/nation\/land\/","url_meta":{"origin":274,"position":0},"title":"Land","author":"ZerflinN","date":"July 14, 2022","format":false,"excerpt":"In the past, the Naskapis were nomadic and followed caribou herds over Nuchimiyuschiiy, from Hudson Bay in the west to the Labrador Coast in the east, and from the southern coast of Ungava Bay in the north to the vicinity of Labrador City in the south. First linked to Fort\u2026","rel":"","context":"Similar post","block_context":{"text":"Similar post","link":""},"img":{"alt_text":"","src":"","width":0,"height":0},"classes":[]},{"id":278,"url":"http:\/\/naskapi.ca\/nsk\/people\/past\/","url_meta":{"origin":274,"position":1},"title":"Past NSP","author":"ZerflinN","date":"July 14, 2022","format":false,"excerpt":"Naskapi culture is a rich legacy of arts, stories, and survival. NSP Precontact NSP We, the Naskapi people have occupied the land of what is now northern Quebec and Labrador since time immemorial. NSP Our ancestors were nomads, living off the land and following the caribou herds on which they\u2026","rel":"","context":"Similar post","block_context":{"text":"Similar post","link":""},"img":{"alt_text":"","src":"https:\/\/i0.wp.com\/naskapi.ca\/wp-content\/uploads\/2022\/07\/TommyEinish-1.jpg?fit=1200%2C900&resize=350%2C200","width":350,"height":200,"srcset":"https:\/\/i0.wp.com\/naskapi.ca\/wp-content\/uploads\/2022\/07\/TommyEinish-1.jpg?fit=1200%2C900&resize=350%2C200 1x, https:\/\/i0.wp.com\/naskapi.ca\/wp-content\/uploads\/2022\/07\/TommyEinish-1.jpg?fit=1200%2C900&resize=525%2C300 1.5x, https:\/\/i0.wp.com\/naskapi.ca\/wp-content\/uploads\/2022\/07\/TommyEinish-1.jpg?fit=1200%2C900&resize=700%2C400 2x, https:\/\/i0.wp.com\/naskapi.ca\/wp-content\/uploads\/2022\/07\/TommyEinish-1.jpg?fit=1200%2C900&resize=1050%2C600 3x"},"classes":[]},{"id":266,"url":"http:\/\/naskapi.ca\/nsk\/nation\/","url_meta":{"origin":274,"position":2},"title":"Nation NSP","author":"ZerflinN","date":"July 14, 2022","format":false,"excerpt":"Introduction to the Naskapi Nation of Kawawachikamach NSP We, the Naskapi people have occupied the land of what is now northern Quebec and Labrador since time immemorial. NSP Our ancestors were nomads, living o\ufb00 the land and following the caribou herds on which they depended for resources. NSP In the\u2026","rel":"","context":"Similar post","block_context":{"text":"Similar post","link":""},"img":{"alt_text":"","src":"https:\/\/i0.wp.com\/naskapi.ca\/wp-content\/uploads\/2024\/10\/IMG_7733-scaled.jpeg?fit=1200%2C900&resize=350%2C200","width":350,"height":200,"srcset":"https:\/\/i0.wp.com\/naskapi.ca\/wp-content\/uploads\/2024\/10\/IMG_7733-scaled.jpeg?fit=1200%2C900&resize=350%2C200 1x, https:\/\/i0.wp.com\/naskapi.ca\/wp-content\/uploads\/2024\/10\/IMG_7733-scaled.jpeg?fit=1200%2C900&resize=525%2C300 1.5x, https:\/\/i0.wp.com\/naskapi.ca\/wp-content\/uploads\/2024\/10\/IMG_7733-scaled.jpeg?fit=1200%2C900&resize=700%2C400 2x, https:\/\/i0.wp.com\/naskapi.ca\/wp-content\/uploads\/2024\/10\/IMG_7733-scaled.jpeg?fit=1200%2C900&resize=1050%2C600 3x"},"classes":[]},{"id":319,"url":"http:\/\/naskapi.ca\/nsk\/services\/community-nsp\/","url_meta":{"origin":274,"position":3},"title":"Community NSP","author":"ZerflinN","date":"July 14, 2022","format":false,"excerpt":"The Naskapi Nation of Kawawachikamach is located 16 km northeast of the Town of Schefferville on the Qu\u00e9bec-Labrador border, and has a population of approximately 1,056 registered members. The village itself is situated on 16 square miles of Category IA-N land and covers an area of approximately 40 acres. There\u2026","rel":"","context":"Similar post","block_context":{"text":"Similar post","link":""},"img":{"alt_text":"","src":"","width":0,"height":0},"classes":[]},{"id":270,"url":"http:\/\/naskapi.ca\/nsk\/nation\/governance\/","url_meta":{"origin":274,"position":4},"title":"Governance NSP","author":"ZerflinN","date":"July 14, 2022","format":false,"excerpt":"We, the Naskapi people have occupied the land of what is now northern Quebec and Labrador since time immemorial. NSP Our ancestors were nomads, living off the land and following the caribou herds on which they depended for resources. NSP In the 1950s, our way of life changed when most\u2026","rel":"","context":"Similar post","block_context":{"text":"Similar post","link":""},"img":{"alt_text":"","src":"https:\/\/i0.wp.com\/naskapi.ca\/wp-content\/uploads\/2022\/07\/main-banner-1-scaled.jpg?fit=1200%2C800&resize=350%2C200","width":350,"height":200,"srcset":"https:\/\/i0.wp.com\/naskapi.ca\/wp-content\/uploads\/2022\/07\/main-banner-1-scaled.jpg?fit=1200%2C800&resize=350%2C200 1x, https:\/\/i0.wp.com\/naskapi.ca\/wp-content\/uploads\/2022\/07\/main-banner-1-scaled.jpg?fit=1200%2C800&resize=525%2C300 1.5x, https:\/\/i0.wp.com\/naskapi.ca\/wp-content\/uploads\/2022\/07\/main-banner-1-scaled.jpg?fit=1200%2C800&resize=700%2C400 2x, https:\/\/i0.wp.com\/naskapi.ca\/wp-content\/uploads\/2022\/07\/main-banner-1-scaled.jpg?fit=1200%2C800&resize=1050%2C600 3x"},"classes":[]},{"id":261,"url":"http:\/\/naskapi.ca\/nsk\/culture\/arts\/","url_meta":{"origin":274,"position":5},"title":"ARTS NSP","author":"ZerflinN","date":"July 14, 2022","format":false,"excerpt":"Traditionally, Naskapi arts and crafts were entirely made of natural elements such as the land, trees, fish and most importantly from the caribou. NSP It is truly amazing what our Naskapi ancestors were able to create with the resources that were available to them. NSP Our ancestors prepared their own\u2026","rel":"","context":"Similar post","block_context":{"text":"Similar post","link":""},"img":{"alt_text":"","src":"https:\/\/i0.wp.com\/naskapi.ca\/wp-content\/uploads\/2022\/07\/Shirley-Swappie.jpg?fit=796%2C1200&resize=350%2C200","width":350,"height":200,"srcset":"https:\/\/i0.wp.com\/naskapi.ca\/wp-content\/uploads\/2022\/07\/Shirley-Swappie.jpg?fit=796%2C1200&resize=350%2C200 1x, https:\/\/i0.wp.com\/naskapi.ca\/wp-content\/uploads\/2022\/07\/Shirley-Swappie.jpg?fit=796%2C1200&resize=525%2C300 1.5x, https:\/\/i0.wp.com\/naskapi.ca\/wp-content\/uploads\/2022\/07\/Shirley-Swappie.jpg?fit=796%2C1200&resize=700%2C400 2x"},"classes":[]}],"jetpack_sharing_enabled":true,"_links":{"self":[{"href":"http:\/\/naskapi.ca\/nsk\/wp-json\/wp\/v2\/pages\/274","targetHints":{"allow":["GET"]}}],"collection":[{"href":"http:\/\/naskapi.ca\/nsk\/wp-json\/wp\/v2\/pages"}],"about":[{"href":"http:\/\/naskapi.ca\/nsk\/wp-json\/wp\/v2\/types\/page"}],"author":[{"embeddable":true,"href":"http:\/\/naskapi.ca\/nsk\/wp-json\/wp\/v2\/users\/1"}],"replies":[{"embeddable":true,"href":"http:\/\/naskapi.ca\/nsk\/wp-json\/wp\/v2\/comments?post=274"}],"version-history":[{"count":3,"href":"http:\/\/naskapi.ca\/nsk\/wp-json\/wp\/v2\/pages\/274\/revisions"}],"predecessor-version":[{"id":309,"href":"http:\/\/naskapi.ca\/nsk\/wp-json\/wp\/v2\/pages\/274\/revisions\/309"}],"up":[{"embeddable":true,"href":"http:\/\/naskapi.ca\/nsk\/wp-json\/wp\/v2\/pages\/266"}],"wp:attachment":[{"href":"http:\/\/naskapi.ca\/nsk\/wp-json\/wp\/v2\/media?parent=274"}],"curies":[{"name":"wp","href":"https:\/\/api.w.org\/{rel}","templated":true}]}}